{"id":1857,"date":"2019-07-10T12:34:03","date_gmt":"2019-07-10T15:34:03","guid":{"rendered":"https:\/\/mtgsport.com.ar\/inicio\/?post_type=product&#038;p=1857"},"modified":"2020-07-06T15:58:32","modified_gmt":"2020-07-06T18:58:32","slug":"putoline-mx-9","status":"publish","type":"product","link":"https:\/\/mtgsport.com.ar\/inicio\/producto\/putoline-mx-9","title":{"rendered":"MX 9"},"content":{"rendered":"","protected":false},"excerpt":{"rendered":"<h3><strong>MX 9\u00a0<\/strong><\/h3>\n<p><strong>100% Sint\u00e9tico<\/strong><br \/>\nEster Tech<br \/>\nJaso FD \/ ISO-L-EGD \/ API TC<\/p>\n<p>Aceite de motor sint\u00e9tico para motos de competici\u00f3n de 2 tiempos de inyecci\u00f3n\/premezcla con sistema de aditivos Ester Tech para proteger el motor. Causa menos dep\u00f3sitos de carbonilla. Alto rendimiento.<\/p>\n<p><em>Presentaci\u00f3n:<\/em> 12x botella de 1 L<\/p>\n<p>Cod: 70695<\/p>\n","protected":false},"featured_media":1858,"template":"","meta":[],"product_cat":[147,150],"product_tag":[],"class_list":["post-1857","product","type-product","status-publish","has-post-thumbnail","hentry","product_cat-putoline-oils","product_cat-2-tiempos"],"_links":{"self":[{"href":"https:\/\/mtgsport.com.ar\/inicio\/wp-json\/wp\/v2\/product\/1857","targetHints":{"allow":["GET"]}}],"collection":[{"href":"https:\/\/mtgsport.com.ar\/inicio\/wp-json\/wp\/v2\/product"}],"about":[{"href":"https:\/\/mtgsport.com.ar\/inicio\/wp-json\/wp\/v2\/types\/product"}],"wp:featuredmedia":[{"embeddable":true,"href":"https:\/\/mtgsport.com.ar\/inicio\/wp-json\/wp\/v2\/media\/1858"}],"wp:attachment":[{"href":"https:\/\/mtgsport.com.ar\/inicio\/wp-json\/wp\/v2\/media?parent=1857"}],"wp:term":[{"taxonomy":"product_cat","embeddable":true,"href":"https:\/\/mtgsport.com.ar\/inicio\/wp-json\/wp\/v2\/product_cat?post=1857"},{"taxonomy":"product_tag","embeddable":true,"href":"https:\/\/mtgsport.com.ar\/inicio\/wp-json\/wp\/v2\/product_tag?post=1857"}],"curies":[{"name":"wp","href":"https:\/\/api.w.org\/{rel}","templated":true}]}}