{"id":1923,"date":"2019-07-10T13:43:10","date_gmt":"2019-07-10T16:43:10","guid":{"rendered":"https:\/\/mtgsport.com.ar\/inicio\/?post_type=product&#038;p=1923"},"modified":"2020-07-08T16:25:41","modified_gmt":"2020-07-08T19:25:41","slug":"putoline-carbu-cleaner","status":"publish","type":"product","link":"https:\/\/mtgsport.com.ar\/inicio\/producto\/putoline-carbu-cleaner","title":{"rendered":"CARBU CLEANER"},"content":{"rendered":"","protected":false},"excerpt":{"rendered":"<h3>CARBU CLEANER<\/h3>\n<p>Potente limpiador para el sistema de combustible\/inyecci\u00f3n. Elimina la contaminaci\u00f3n perjudicial del sistema de combustible. Garantiza un funcionamiento suave del motor. Reduce el consumo. Est\u00e1 recomendado para la limpieza de todos los carburadores y sistemas de inyecci\u00f3n.<\/p>\n<p><em>Presentaci\u00f3n:<\/em> 12 x Aerosol de 500 ml<\/p>\n<p><em>Cod:70047<\/em><\/p>\n","protected":false},"featured_media":1924,"template":"","meta":[],"product_cat":[147,157],"product_tag":[],"class_list":["post-1923","product","type-product","status-publish","has-post-thumbnail","hentry","product_cat-putoline-oils","product_cat-mantenimiento"],"_links":{"self":[{"href":"https:\/\/mtgsport.com.ar\/inicio\/wp-json\/wp\/v2\/product\/1923","targetHints":{"allow":["GET"]}}],"collection":[{"href":"https:\/\/mtgsport.com.ar\/inicio\/wp-json\/wp\/v2\/product"}],"about":[{"href":"https:\/\/mtgsport.com.ar\/inicio\/wp-json\/wp\/v2\/types\/product"}],"wp:featuredmedia":[{"embeddable":true,"href":"https:\/\/mtgsport.com.ar\/inicio\/wp-json\/wp\/v2\/media\/1924"}],"wp:attachment":[{"href":"https:\/\/mtgsport.com.ar\/inicio\/wp-json\/wp\/v2\/media?parent=1923"}],"wp:term":[{"taxonomy":"product_cat","embeddable":true,"href":"https:\/\/mtgsport.com.ar\/inicio\/wp-json\/wp\/v2\/product_cat?post=1923"},{"taxonomy":"product_tag","embeddable":true,"href":"https:\/\/mtgsport.com.ar\/inicio\/wp-json\/wp\/v2\/product_tag?post=1923"}],"curies":[{"name":"wp","href":"https:\/\/api.w.org\/{rel}","templated":true}]}}